{"id":3001,"date":"2025-03-07T01:51:06","date_gmt":"2025-03-07T00:51:06","guid":{"rendered":"http:\/\/localhost\/happily\/kapcsolat\/"},"modified":"2025-03-31T11:54:21","modified_gmt":"2025-03-31T09:54:21","slug":"contact","status":"publish","type":"page","link":"https:\/\/happilyeverweddings.hu\/en\/contact\/","title":{"rendered":"Contact"},"content":{"rendered":"\t\t<div data-elementor-type=\"wp-page\" data-elementor-id=\"3001\" class=\"elementor elementor-3001 elementor-33\" data-elementor-post-type=\"page\">\n\t\t\t\t<div class=\"elementor-element elementor-element-f175ace e-flex e-con-boxed e-con e-parent\" data-id=\"f175ace\" data-element_type=\"container\">\n\t\t\t\t\t<div class=\"e-con-inner\">\n\t\t<div class=\"elementor-element elementor-element-56acf5c e-con-full e-flex e-con e-child\" data-id=\"56acf5c\" data-element_type=\"container\">\n\t\t\t\t<div class=\"elementor-element elementor-element-6f1ea55 elementor-widget elementor-widget-image\" data-id=\"6f1ea55\" data-element_type=\"widget\" data-widget_type=\"image.default\">\n\t\t\t\t<div class=\"elementor-widget-container\">\n\t\t\t\t\t\t\t\t\t\t\t\t\t\t\t<img fetchpriority=\"high\" decoding=\"async\" width=\"683\" height=\"1024\" src=\"https:\/\/happilyeverweddings.hu\/wp-content\/uploads\/2025\/03\/kapcsolat-kep-683x1024.jpg\" class=\"attachment-large size-large wp-image-2177\" alt=\"\" srcset=\"https:\/\/happilyeverweddings.hu\/wp-content\/uploads\/2025\/03\/kapcsolat-kep-683x1024.jpg 683w, https:\/\/happilyeverweddings.hu\/wp-content\/uploads\/2025\/03\/kapcsolat-kep-200x300.jpg 200w, https:\/\/happilyeverweddings.hu\/wp-content\/uploads\/2025\/03\/kapcsolat-kep-768x1152.jpg 768w, https:\/\/happilyeverweddings.hu\/wp-content\/uploads\/2025\/03\/kapcsolat-kep.jpg 1000w\" sizes=\"(max-width: 683px) 100vw, 683px\" \/>\t\t\t\t\t\t\t\t\t\t\t\t\t\t\t<\/div>\n\t\t\t\t<\/div>\n\t\t\t\t<\/div>\n\t\t<div class=\"elementor-element elementor-element-dca4c84 e-con-full e-flex e-con e-child\" data-id=\"dca4c84\" data-element_type=\"container\">\n\t\t\t\t<div class=\"elementor-element elementor-element-d6004e0 elementor-widget elementor-widget-heading\" data-id=\"d6004e0\" data-element_type=\"widget\" data-widget_type=\"heading.default\">\n\t\t\t\t<div class=\"elementor-widget-container\">\n\t\t\t\t\t<h2 class=\"elementor-heading-title elementor-size-default\">Write to us<\/h2>\t\t\t\t<\/div>\n\t\t\t\t<\/div>\n\t\t\t\t<div class=\"elementor-element elementor-element-cb18d47 elementor-widget elementor-widget-shortcode\" data-id=\"cb18d47\" data-element_type=\"widget\" data-widget_type=\"shortcode.default\">\n\t\t\t\t<div class=\"elementor-widget-container\">\n\t\t\t\t\t\t\t<div class=\"elementor-shortcode\">\n<div class=\"wpcf7 no-js\" id=\"wpcf7-f3167-o1\" lang=\"hu-HU\" dir=\"ltr\" data-wpcf7-id=\"3167\">\n<div class=\"screen-reader-response\"><p role=\"status\" aria-live=\"polite\" aria-atomic=\"true\"><\/p> <ul><\/ul><\/div>\n<form action=\"\/en\/wp-json\/wp\/v2\/pages\/3001#wpcf7-f3167-o1\" method=\"post\" class=\"wpcf7-form init\" aria-label=\"Kapcsolatfelv\u00e9teli \u0171rlap\" novalidate=\"novalidate\" data-status=\"init\">\n<div style=\"display: none;\">\n<input type=\"hidden\" name=\"_wpcf7\" value=\"3167\" \/>\n<input type=\"hidden\" name=\"_wpcf7_version\" value=\"6.0.5\" \/>\n<input type=\"hidden\" name=\"_wpcf7_locale\" value=\"hu_HU\" \/>\n<input type=\"hidden\" name=\"_wpcf7_unit_tag\" value=\"wpcf7-f3167-o1\" \/>\n<input type=\"hidden\" name=\"_wpcf7_container_post\" value=\"0\" \/>\n<input type=\"hidden\" name=\"_wpcf7_posted_data_hash\" value=\"\" \/>\n<input type=\"hidden\" name=\"_wpcf7_recaptcha_response\" value=\"\" \/>\n<\/div>\n<p><span class=\"wpcf7-form-control-wrap\" data-name=\"your-name\"><input size=\"40\" maxlength=\"400\" class=\"wpcf7-form-control wpcf7-text wpcf7-validates-as-required\" aria-required=\"true\" aria-invalid=\"false\" placeholder=\"Name*\" value=\"\" type=\"text\" name=\"your-name\" \/><\/span>\n<\/p>\n<p><span class=\"wpcf7-form-control-wrap\" data-name=\"your-email\"><input size=\"40\" maxlength=\"400\" class=\"wpcf7-form-control wpcf7-email wpcf7-validates-as-required wpcf7-text wpcf7-validates-as-email\" aria-required=\"true\" aria-invalid=\"false\" placeholder=\"Email*\" value=\"\" type=\"email\" name=\"your-email\" \/><\/span>\n<\/p>\n<p><span class=\"wpcf7-form-control-wrap\" data-name=\"your-number\"><input size=\"40\" maxlength=\"400\" class=\"wpcf7-form-control wpcf7-text wpcf7-validates-as-required\" aria-required=\"true\" aria-invalid=\"false\" placeholder=\"Phone*\" value=\"\" type=\"text\" name=\"your-number\" \/><\/span>\n<\/p>\n<p><span class=\"wpcf7-form-control-wrap\" data-name=\"your-message\"><textarea cols=\"40\" rows=\"10\" maxlength=\"2000\" class=\"wpcf7-form-control wpcf7-textarea wpcf7-validates-as-required\" aria-required=\"true\" aria-invalid=\"false\" placeholder=\"Message*\" name=\"your-message\"><\/textarea><\/span>\n<\/p>\n<p><span class=\"wpcf7-form-control-wrap\" data-name=\"acceptance-124\"><span class=\"wpcf7-form-control wpcf7-acceptance\"><span class=\"wpcf7-list-item\"><input type=\"checkbox\" name=\"acceptance-124\" value=\"1\" aria-invalid=\"false\" \/><\/span><\/span><\/span> Please tick to consent to your data being stored in line with the guidelines set out in our <a href=\"https:\/\/happilyeverweddings.hu\/en\/privacy-policy\/\" target=\"_blank\">privacy policy<\/a>\n<\/p>\n<p><input class=\"wpcf7-form-control wpcf7-submit has-spinner\" type=\"submit\" value=\"Send\" \/>\n<\/p><div class=\"wpcf7-response-output\" aria-hidden=\"true\"><\/div>\n<\/form>\n<\/div>\n<\/div>\n\t\t\t\t\t\t<\/div>\n\t\t\t\t<\/div>\n\t\t\t\t<\/div>\n\t\t\t\t\t<\/div>\n\t\t\t\t<\/div>\n\t\t<div class=\"elementor-element elementor-element-a6a5400 e-flex e-con-boxed e-con e-parent\" data-id=\"a6a5400\" data-element_type=\"container\">\n\t\t\t\t\t<div class=\"e-con-inner\">\n\t\t\t\t<div class=\"elementor-element elementor-element-86ccbec elementor-widget elementor-widget-heading\" data-id=\"86ccbec\" data-element_type=\"widget\" data-widget_type=\"heading.default\">\n\t\t\t\t<div class=\"elementor-widget-container\">\n\t\t\t\t\t<h2 class=\"elementor-heading-title elementor-size-default\">Contact us<\/h2>\t\t\t\t<\/div>\n\t\t\t\t<\/div>\n\t\t\t\t\t<\/div>\n\t\t\t\t<\/div>\n\t\t<div class=\"elementor-element elementor-element-5c4338a e-flex e-con-boxed e-con e-parent\" data-id=\"5c4338a\" data-element_type=\"container\">\n\t\t\t\t\t<div class=\"e-con-inner\">\n\t\t<div class=\"elementor-element elementor-element-15cf15c e-con-full e-flex e-con e-child\" data-id=\"15cf15c\" data-element_type=\"container\">\n\t\t\t\t<div class=\"elementor-element elementor-element-2606be5 elementor-widget elementor-widget-text-editor\" data-id=\"2606be5\" data-element_type=\"widget\" data-widget_type=\"text-editor.default\">\n\t\t\t\t<div class=\"elementor-widget-container\">\n\t\t\t\t\t\t\t\t\t<h3 class=\"p1\">Di\u00e1na Gul\u00e1csi-V\u00edgh<\/h3><p class=\"p1\"><a href=\"mailto:diana.vigh@happilyever.hu\">diana.vigh@happilyever.hu<\/a><\/p><p class=\"p1\"><a href=\"mailto:hello@happilyever.hu\">hello@happilyever.hu<\/a><\/p>\t\t\t\t\t\t\t\t<\/div>\n\t\t\t\t<\/div>\n\t\t\t\t<\/div>\n\t\t<div class=\"elementor-element elementor-element-a8b5c15 e-con-full e-flex e-con e-child\" data-id=\"a8b5c15\" data-element_type=\"container\">\n\t\t\t\t<div class=\"elementor-element elementor-element-826eabd elementor-widget elementor-widget-text-editor\" data-id=\"826eabd\" data-element_type=\"widget\" data-widget_type=\"text-editor.default\">\n\t\t\t\t<div class=\"elementor-widget-container\">\n\t\t\t\t\t\t\t\t\t<h3 class=\"p1\">Bianka Berta<\/h3><p class=\"p1\"><a href=\"mailto:bianka.berta@happilyever.hu\">bianka.berta@happilyever.hu<\/a><\/p><p class=\"p1\"><a href=\"mailto:hello@happilyever.hu\">hello@happilyever.hu<\/a><\/p><p class=\"p1\"><a href=\"tel:+36305279922\">+36 (30) 527-9922<\/a><\/p>\t\t\t\t\t\t\t\t<\/div>\n\t\t\t\t<\/div>\n\t\t\t\t<\/div>\n\t\t\t\t\t<\/div>\n\t\t\t\t<\/div>\n\t\t\t\t<\/div>\n\t\t","protected":false},"excerpt":{"rendered":"<p>Write to us Contact us Di\u00e1na Gul\u00e1csi-V\u00edgh diana.vigh@happilyever.hu hello@happilyever.hu Bianka Berta bianka.berta@happilyever.hu hello@happilyever.hu +36 (30) 527-9922<\/p>\n","protected":false},"author":1,"featured_media":0,"parent":0,"menu_order":0,"comment_status":"closed","ping_status":"closed","template":"","meta":{"_acf_changed":false,"_monsterinsights_skip_tracking":false,"_monsterinsights_sitenote_active":false,"_monsterinsights_sitenote_note":"","_monsterinsights_sitenote_category":0,"footnotes":""},"class_list":["post-3001","page","type-page","status-publish","hentry"],"acf":[],"_links":{"self":[{"href":"https:\/\/happilyeverweddings.hu\/en\/wp-json\/wp\/v2\/pages\/3001","targetHints":{"allow":["GET"]}}],"collection":[{"href":"https:\/\/happilyeverweddings.hu\/en\/wp-json\/wp\/v2\/pages"}],"about":[{"href":"https:\/\/happilyeverweddings.hu\/en\/wp-json\/wp\/v2\/types\/page"}],"author":[{"embeddable":true,"href":"https:\/\/happilyeverweddings.hu\/en\/wp-json\/wp\/v2\/users\/1"}],"replies":[{"embeddable":true,"href":"https:\/\/happilyeverweddings.hu\/en\/wp-json\/wp\/v2\/comments?post=3001"}],"version-history":[{"count":10,"href":"https:\/\/happilyeverweddings.hu\/en\/wp-json\/wp\/v2\/pages\/3001\/revisions"}],"predecessor-version":[{"id":3432,"href":"https:\/\/happilyeverweddings.hu\/en\/wp-json\/wp\/v2\/pages\/3001\/revisions\/3432"}],"wp:attachment":[{"href":"https:\/\/happilyeverweddings.hu\/en\/wp-json\/wp\/v2\/media?parent=3001"}],"curies":[{"name":"wp","href":"https:\/\/api.w.org\/{rel}","templated":true}]}}