{"id":3010,"date":"2025-03-07T01:50:54","date_gmt":"2025-03-07T00:50:54","guid":{"rendered":"http:\/\/localhost\/happily\/rolunk\/"},"modified":"2025-03-31T11:20:35","modified_gmt":"2025-03-31T09:20:35","slug":"about-us","status":"publish","type":"page","link":"https:\/\/happilyeverweddings.hu\/en\/about-us\/","title":{"rendered":"About us"},"content":{"rendered":"\t\t<div data-elementor-type=\"wp-page\" data-elementor-id=\"3010\" class=\"elementor elementor-3010 elementor-31\" data-elementor-post-type=\"page\">\n\t\t\t\t<div class=\"elementor-element elementor-element-81b063c e-con-full e-flex e-con e-parent\" data-id=\"81b063c\" data-element_type=\"container\">\n\t\t\t\t<div class=\"elementor-element elementor-element-23a39d6 elementor-widget__width-initial elementor-absolute elementor-widget elementor-widget-heading\" data-id=\"23a39d6\" data-element_type=\"widget\" data-settings=\"{&quot;_position&quot;:&quot;absolute&quot;}\" data-widget_type=\"heading.default\">\n\t\t\t\t<div class=\"elementor-widget-container\">\n\t\t\t\t\t<h1 class=\"elementor-heading-title elementor-size-default\">ABOUT US<\/h1>\t\t\t\t<\/div>\n\t\t\t\t<\/div>\n\t\t\t\t<\/div>\n\t\t<div class=\"elementor-element elementor-element-5f5cc3e e-flex e-con-boxed e-con e-parent\" data-id=\"5f5cc3e\" data-element_type=\"container\">\n\t\t\t\t\t<div class=\"e-con-inner\">\n\t\t<div class=\"elementor-element elementor-element-71498a3 e-con-full e-flex e-con e-child\" data-id=\"71498a3\" data-element_type=\"container\">\n\t\t\t\t<div class=\"elementor-element elementor-element-4a4da5b elementor-widget elementor-widget-image\" data-id=\"4a4da5b\" data-element_type=\"widget\" data-widget_type=\"image.default\">\n\t\t\t\t<div class=\"elementor-widget-container\">\n\t\t\t\t\t\t\t\t\t\t\t\t\t\t\t<img fetchpriority=\"high\" decoding=\"async\" width=\"842\" height=\"1024\" src=\"https:\/\/happilyeverweddings.hu\/wp-content\/uploads\/2025\/03\/rolunk-dia-842x1024.jpg\" class=\"attachment-large size-large wp-image-2049\" alt=\"\" srcset=\"https:\/\/happilyeverweddings.hu\/wp-content\/uploads\/2025\/03\/rolunk-dia-842x1024.jpg 842w, https:\/\/happilyeverweddings.hu\/wp-content\/uploads\/2025\/03\/rolunk-dia-247x300.jpg 247w, https:\/\/happilyeverweddings.hu\/wp-content\/uploads\/2025\/03\/rolunk-dia-768x934.jpg 768w, https:\/\/happilyeverweddings.hu\/wp-content\/uploads\/2025\/03\/rolunk-dia.jpg 1000w\" sizes=\"(max-width: 842px) 100vw, 842px\" \/>\t\t\t\t\t\t\t\t\t\t\t\t\t\t\t<\/div>\n\t\t\t\t<\/div>\n\t\t\t\t<\/div>\n\t\t<div class=\"elementor-element elementor-element-3c879ef e-con-full e-flex e-con e-child\" data-id=\"3c879ef\" data-element_type=\"container\">\n\t\t\t\t<div class=\"elementor-element elementor-element-95fdeea elementor-widget elementor-widget-heading\" data-id=\"95fdeea\" data-element_type=\"widget\" data-widget_type=\"heading.default\">\n\t\t\t\t<div class=\"elementor-widget-container\">\n\t\t\t\t\t<h2 class=\"elementor-heading-title elementor-size-default\">DI\u00c1NA GUL\u00c1CSI-V\u00cdGH<\/h2>\t\t\t\t<\/div>\n\t\t\t\t<\/div>\n\t\t\t\t<div class=\"elementor-element elementor-element-56415d9 elementor-widget elementor-widget-heading\" data-id=\"56415d9\" data-element_type=\"widget\" data-widget_type=\"heading.default\">\n\t\t\t\t<div class=\"elementor-widget-container\">\n\t\t\t\t\t<div class=\"elementor-heading-title elementor-size-default\">FOUNDER, WEDDING PLANNER<\/div>\t\t\t\t<\/div>\n\t\t\t\t<\/div>\n\t\t\t\t<div class=\"elementor-element elementor-element-84235da elementor-widget__width-initial elementor-widget elementor-widget-text-editor\" data-id=\"84235da\" data-element_type=\"widget\" data-widget_type=\"text-editor.default\">\n\t\t\t\t<div class=\"elementor-widget-container\">\n\t\t\t\t\t\t\t\t\t<p class=\"\" data-start=\"0\" data-end=\"340\">Event planning has always been close to my heart, and I\u2019ve had a deep appreciation for aesthetics and beautiful things. After organizing my own wedding in 2016, with an event planning certification in hand, I dared to dream big and founded my own wedding planning company. This is how Happily Ever Weddings, my first business, was born.<\/p><p class=\"\" data-start=\"342\" data-end=\"550\">For me, it\u2019s essential to stay motivated by new challenges in my work. I am grateful that year after year, wonderful couples choose us, and every moment of collaboration with them pushes me forward in life.<\/p><p class=\"\" data-start=\"552\" data-end=\"681\">When I\u2019m not planning weddings, you\u2019ll find me teaching classes at my own Pilates studio or spending quality time with my family.<\/p>\t\t\t\t\t\t\t\t<\/div>\n\t\t\t\t<\/div>\n\t\t\t\t<\/div>\n\t\t\t\t\t<\/div>\n\t\t\t\t<\/div>\n\t\t<div class=\"elementor-element elementor-element-5034e15 e-flex e-con-boxed e-con e-parent\" data-id=\"5034e15\" data-element_type=\"container\">\n\t\t\t\t\t<div class=\"e-con-inner\">\n\t\t<div class=\"elementor-element elementor-element-e9dfa53 e-con-full e-flex e-con e-child\" data-id=\"e9dfa53\" data-element_type=\"container\">\n\t\t\t\t<div class=\"elementor-element elementor-element-615abe9 elementor-widget elementor-widget-heading\" data-id=\"615abe9\" data-element_type=\"widget\" data-widget_type=\"heading.default\">\n\t\t\t\t<div class=\"elementor-widget-container\">\n\t\t\t\t\t<h2 class=\"elementor-heading-title elementor-size-default\">BIANKA BERTA<\/h2>\t\t\t\t<\/div>\n\t\t\t\t<\/div>\n\t\t\t\t<div class=\"elementor-element elementor-element-3822e06 elementor-widget elementor-widget-heading\" data-id=\"3822e06\" data-element_type=\"widget\" data-widget_type=\"heading.default\">\n\t\t\t\t<div class=\"elementor-widget-container\">\n\t\t\t\t\t<div class=\"elementor-heading-title elementor-size-default\">WEDDING PLANNER<\/div>\t\t\t\t<\/div>\n\t\t\t\t<\/div>\n\t\t\t\t<div class=\"elementor-element elementor-element-618c599 elementor-widget__width-initial elementor-widget elementor-widget-text-editor\" data-id=\"618c599\" data-element_type=\"widget\" data-widget_type=\"text-editor.default\">\n\t\t\t\t<div class=\"elementor-widget-container\">\n\t\t\t\t\t\t\t\t\t<p class=\"\" data-start=\"0\" data-end=\"267\">My passion for weddings began in childhood when I accompanied my parents to their friends&#8217; weddings year after year. Fortunately, over time, my organizational skills developed exceptionally well, making my career choice clear as I grew up &#8211; I wanted to plan weddings.<br \/>While studying, I worked in the hospitality industry and was already close to the world of weddings, assisting decorators with their work. These experiences have been invaluable in communicating with wedding vendors and ensuring seamless collaboration on the big day.<\/p><p class=\"\" data-start=\"540\" data-end=\"739\">My goal is to bring your vision to life, take the stress off your shoulders, and properly prepare the vendor team so that your wedding day truly becomes one of the most beautiful days of your life.<\/p><p class=\"\" data-start=\"741\" data-end=\"862\">When I\u2019m not planning, I spend time exploring psychology, traveling the world, and cherishing moments with my loved ones.<\/p>\t\t\t\t\t\t\t\t<\/div>\n\t\t\t\t<\/div>\n\t\t\t\t<\/div>\n\t\t<div class=\"elementor-element elementor-element-f7f93a7 e-con-full e-flex e-con e-child\" data-id=\"f7f93a7\" data-element_type=\"container\">\n\t\t\t\t<div class=\"elementor-element elementor-element-bbdd296 elementor-widget elementor-widget-image\" data-id=\"bbdd296\" data-element_type=\"widget\" data-widget_type=\"image.default\">\n\t\t\t\t<div class=\"elementor-widget-container\">\n\t\t\t\t\t\t\t\t\t\t\t\t\t\t\t<img decoding=\"async\" width=\"887\" height=\"1024\" src=\"https:\/\/happilyeverweddings.hu\/wp-content\/uploads\/2025\/03\/rolunk-bia-887x1024.jpg\" class=\"attachment-large size-large wp-image-2048\" alt=\"\" srcset=\"https:\/\/happilyeverweddings.hu\/wp-content\/uploads\/2025\/03\/rolunk-bia-887x1024.jpg 887w, https:\/\/happilyeverweddings.hu\/wp-content\/uploads\/2025\/03\/rolunk-bia-260x300.jpg 260w, https:\/\/happilyeverweddings.hu\/wp-content\/uploads\/2025\/03\/rolunk-bia-768x887.jpg 768w, https:\/\/happilyeverweddings.hu\/wp-content\/uploads\/2025\/03\/rolunk-bia.jpg 1000w\" sizes=\"(max-width: 887px) 100vw, 887px\" \/>\t\t\t\t\t\t\t\t\t\t\t\t\t\t\t<\/div>\n\t\t\t\t<\/div>\n\t\t\t\t<\/div>\n\t\t\t\t\t<\/div>\n\t\t\t\t<\/div>\n\t\t<div class=\"elementor-element elementor-element-02bdb35 e-flex e-con-boxed e-con e-parent\" data-id=\"02bdb35\" data-element_type=\"container\">\n\t\t\t\t\t<div class=\"e-con-inner\">\n\t\t<div class=\"elementor-element elementor-element-621dfc8 e-con-full e-flex e-con e-child\" data-id=\"621dfc8\" data-element_type=\"container\">\n\t\t\t\t<div class=\"elementor-element elementor-element-d7a0f61 elementor-widget elementor-widget-image\" data-id=\"d7a0f61\" data-element_type=\"widget\" data-widget_type=\"image.default\">\n\t\t\t\t<div class=\"elementor-widget-container\">\n\t\t\t\t\t\t\t\t\t\t\t\t\t\t\t<img decoding=\"async\" width=\"683\" height=\"1024\" src=\"https:\/\/happilyeverweddings.hu\/wp-content\/uploads\/2025\/03\/dsc04581-1-683x1024.jpg\" class=\"attachment-large size-large wp-image-3397\" alt=\"\" srcset=\"https:\/\/happilyeverweddings.hu\/wp-content\/uploads\/2025\/03\/dsc04581-1-683x1024.jpg 683w, https:\/\/happilyeverweddings.hu\/wp-content\/uploads\/2025\/03\/dsc04581-1-200x300.jpg 200w, https:\/\/happilyeverweddings.hu\/wp-content\/uploads\/2025\/03\/dsc04581-1-768x1152.jpg 768w, https:\/\/happilyeverweddings.hu\/wp-content\/uploads\/2025\/03\/dsc04581-1-1024x1536.jpg 1024w, https:\/\/happilyeverweddings.hu\/wp-content\/uploads\/2025\/03\/dsc04581-1.jpg 1067w\" sizes=\"(max-width: 683px) 100vw, 683px\" \/>\t\t\t\t\t\t\t\t\t\t\t\t\t\t\t<\/div>\n\t\t\t\t<\/div>\n\t\t\t\t<\/div>\n\t\t<div class=\"elementor-element elementor-element-f9318c7 e-con-full e-flex e-con e-child\" data-id=\"f9318c7\" data-element_type=\"container\">\n\t\t\t\t<div class=\"elementor-element elementor-element-fcb07a1 elementor-widget elementor-widget-image\" data-id=\"fcb07a1\" data-element_type=\"widget\" data-widget_type=\"image.default\">\n\t\t\t\t<div class=\"elementor-widget-container\">\n\t\t\t\t\t\t\t\t\t\t\t\t\t\t\t<img loading=\"lazy\" decoding=\"async\" width=\"682\" height=\"1024\" src=\"https:\/\/happilyeverweddings.hu\/wp-content\/uploads\/2025\/03\/dsc06804-scaled-1-682x1024.jpg\" class=\"attachment-large size-large wp-image-3399\" alt=\"\" srcset=\"https:\/\/happilyeverweddings.hu\/wp-content\/uploads\/2025\/03\/dsc06804-scaled-1-682x1024.jpg 682w, https:\/\/happilyeverweddings.hu\/wp-content\/uploads\/2025\/03\/dsc06804-scaled-1-200x300.jpg 200w, https:\/\/happilyeverweddings.hu\/wp-content\/uploads\/2025\/03\/dsc06804-scaled-1-768x1152.jpg 768w, https:\/\/happilyeverweddings.hu\/wp-content\/uploads\/2025\/03\/dsc06804-scaled-1-1024x1536.jpg 1024w, https:\/\/happilyeverweddings.hu\/wp-content\/uploads\/2025\/03\/dsc06804-scaled-1-1365x2048.jpg 1365w, https:\/\/happilyeverweddings.hu\/wp-content\/uploads\/2025\/03\/dsc06804-scaled-1.jpg 1706w\" sizes=\"(max-width: 682px) 100vw, 682px\" \/>\t\t\t\t\t\t\t\t\t\t\t\t\t\t\t<\/div>\n\t\t\t\t<\/div>\n\t\t\t\t<\/div>\n\t\t<div class=\"elementor-element elementor-element-855b3dd e-con-full e-flex e-con e-child\" data-id=\"855b3dd\" data-element_type=\"container\">\n\t\t\t\t<div class=\"elementor-element elementor-element-912ccc1 elementor-widget elementor-widget-image\" data-id=\"912ccc1\" data-element_type=\"widget\" data-widget_type=\"image.default\">\n\t\t\t\t<div class=\"elementor-widget-container\">\n\t\t\t\t\t\t\t\t\t\t\t\t\t\t\t<img loading=\"lazy\" decoding=\"async\" width=\"682\" height=\"1024\" src=\"https:\/\/happilyeverweddings.hu\/wp-content\/uploads\/2025\/03\/dsc06705-scaled-1-682x1024.jpg\" class=\"attachment-large size-large wp-image-3401\" alt=\"\" srcset=\"https:\/\/happilyeverweddings.hu\/wp-content\/uploads\/2025\/03\/dsc06705-scaled-1-682x1024.jpg 682w, https:\/\/happilyeverweddings.hu\/wp-content\/uploads\/2025\/03\/dsc06705-scaled-1-200x300.jpg 200w, https:\/\/happilyeverweddings.hu\/wp-content\/uploads\/2025\/03\/dsc06705-scaled-1-768x1152.jpg 768w, https:\/\/happilyeverweddings.hu\/wp-content\/uploads\/2025\/03\/dsc06705-scaled-1-1024x1536.jpg 1024w, https:\/\/happilyeverweddings.hu\/wp-content\/uploads\/2025\/03\/dsc06705-scaled-1-1365x2048.jpg 1365w, https:\/\/happilyeverweddings.hu\/wp-content\/uploads\/2025\/03\/dsc06705-scaled-1.jpg 1706w\" sizes=\"(max-width: 682px) 100vw, 682px\" \/>\t\t\t\t\t\t\t\t\t\t\t\t\t\t\t<\/div>\n\t\t\t\t<\/div>\n\t\t\t\t<\/div>\n\t\t\t\t\t<\/div>\n\t\t\t\t<\/div>\n\t\t\t\t<\/div>\n\t\t","protected":false},"excerpt":{"rendered":"<p>ABOUT US DI\u00c1NA GUL\u00c1CSI-V\u00cdGH FOUNDER, WEDDING PLANNER Event planning has always been close to my heart, and I\u2019ve had a deep appreciation for aesthetics and beautiful things. After organizing my own wedding in 2016, with an event planning certification in hand, I dared to dream big and founded my own wedding planning company. This is [&hellip;]<\/p>\n","protected":false},"author":1,"featured_media":0,"parent":0,"menu_order":0,"comment_status":"closed","ping_status":"closed","template":"","meta":{"_acf_changed":false,"_monsterinsights_skip_tracking":false,"_monsterinsights_sitenote_active":false,"_monsterinsights_sitenote_note":"","_monsterinsights_sitenote_category":0,"footnotes":""},"class_list":["post-3010","page","type-page","status-publish","hentry"],"acf":[],"_links":{"self":[{"href":"https:\/\/happilyeverweddings.hu\/en\/wp-json\/wp\/v2\/pages\/3010","targetHints":{"allow":["GET"]}}],"collection":[{"href":"https:\/\/happilyeverweddings.hu\/en\/wp-json\/wp\/v2\/pages"}],"about":[{"href":"https:\/\/happilyeverweddings.hu\/en\/wp-json\/wp\/v2\/types\/page"}],"author":[{"embeddable":true,"href":"https:\/\/happilyeverweddings.hu\/en\/wp-json\/wp\/v2\/users\/1"}],"replies":[{"embeddable":true,"href":"https:\/\/happilyeverweddings.hu\/en\/wp-json\/wp\/v2\/comments?post=3010"}],"version-history":[{"count":34,"href":"https:\/\/happilyeverweddings.hu\/en\/wp-json\/wp\/v2\/pages\/3010\/revisions"}],"predecessor-version":[{"id":3422,"href":"https:\/\/happilyeverweddings.hu\/en\/wp-json\/wp\/v2\/pages\/3010\/revisions\/3422"}],"wp:attachment":[{"href":"https:\/\/happilyeverweddings.hu\/en\/wp-json\/wp\/v2\/media?parent=3010"}],"curies":[{"name":"wp","href":"https:\/\/api.w.org\/{rel}","templated":true}]}}